{"id":11960,"date":"2026-02-13T10:45:52","date_gmt":"2026-02-13T10:45:52","guid":{"rendered":"https:\/\/barcelonainternationalhospitals.com\/?page_id=11960"},"modified":"2026-03-23T14:06:35","modified_gmt":"2026-03-23T14:06:35","slug":"politica-de-privacidad","status":"publish","type":"page","link":"https:\/\/barcelonainternationalhospitals.com\/es\/privacy-policy\/","title":{"rendered":"Pol\u00edtica de privacidad"},"content":{"rendered":"<div data-elementor-type=\"wp-page\" data-elementor-id=\"11960\" class=\"elementor elementor-11960\" data-elementor-post-type=\"page\">\n\t\t\t\t<div class=\"elementor-element elementor-element-5936a58 e-flex e-con-boxed e-con e-parent\" data-id=\"5936a58\" data-element_type=\"container\" data-e-type=\"container\">\n\t\t\t\t\t<div class=\"e-con-inner\">\n\t\t\t\t<div class=\"elementor-element elementor-element-4f67b13 elementor-widget elementor-widget-text-editor\" data-id=\"4f67b13\" data-element_type=\"widget\" data-e-type=\"widget\" data-widget_type=\"text-editor.default\">\n\t\t\t\t\t\t\t\t\t<h1>Pol\u00edtica de privacidad<\/h1><p>Pol\u00edtica de Privacidad De conformidad con lo dispuesto en el Reglamento (UE) 2016\/679, de 27 de abril de 2016, relativo a la protecci\u00f3n de las personas f\u00edsicas en lo que respecta al tratamiento de datos personales (en adelante, el \u201cReglamento\u201d) le informamos que:<\/p><ul><li>El responsable del tratamiento de sus datos es el Colegio de Agencias M\u00e9dicas de Barcelona (en adelante \u201cBMA\u201d), con CIF G66205204, y con domicilio en Barcelona, \u200b\u200bCalle Muntaner 231, 4-1 A. Puede contactar con el responsable a trav\u00e9s de\u00a0<a href=\"mailto:info@barcelonainternationalhospitals.com\">info@barcelonainternationalhospitals.com<\/a>, y sus datos ser\u00e1n tratados con la \u00fanica y exclusiva finalidad de gestionar la solicitud que realice a trav\u00e9s de la WEB.<\/li><li>\u00danicamente trataremos los datos recogidos en el formulario de consulta, necesarios para gestionar su solicitud (nombre y apellidos, correo electr\u00f3nico, tel\u00e9fono y la informaci\u00f3n del mensaje enviado).<\/li><li>Los datos se conservar\u00e1n durante el tiempo necesario para cumplir la finalidad para la que se solicitaron, siempre que no se haya solicitado su supresi\u00f3n. As\u00ed como mientras sean necesarios para determinar las posibles responsabilidades derivadas de dicha finalidad y del tratamiento de los datos.<\/li><li>Solo si te suscribes a nuestra newsletter, guardaremos tus datos en Mailchimp para su gesti\u00f3n y env\u00edo. Puedes consultar su pol\u00edtica de privacidad\u00a0<a href=\"https:\/\/mailchimp.com\/legal\/privacy\/\">aqu\u00ed<\/a><\/li><li>Tiene derecho a acceder a sus datos, solicitar la rectificaci\u00f3n de datos inexactos o, en su caso, solicitar su supresi\u00f3n. Tambi\u00e9n puede limitar su tratamiento, oponerse y retirar el consentimiento para su uso para determinadas finalidades. Puede ejercer estos derechos a trav\u00e9s del correo electr\u00f3nico\u00a0<a href=\"mailto:info@barcelonainternationalhospitals.com\">info@barcelonainternationalhospitals.com<\/a>. Asimismo, le informamos de su derecho a presentar una reclamaci\u00f3n ante la Agencia Catalana de Protecci\u00f3n de Datos contra cualquier actuaci\u00f3n de BMA que considere vulnere sus derechos.<\/li><\/ul><p>Salvo que espec\u00edficamente se establezca lo contrario, ser\u00e1 necesario rellenar todos los campos del formulario, con datos exactos, completos y actualizados, en caso contrario, la entidad podr\u00e1 exigir responsabilidad al usuario por los da\u00f1os y perjuicios que la introducci\u00f3n de estos pudiera causar.<\/p><p>Cuando sea necesaria la presentaci\u00f3n del consentimiento, \u00e9ste deber\u00e1 ser prestado por persona con plena capacidad de obrar, en caso contrario, el consentimiento deber\u00e1 ser otorgado por su representante o tutor legal.<\/p><p>Todos los datos ser\u00e1n tratados aplicando las medidas t\u00e9cnicas y organizativas de seguridad establecidas por la legislaci\u00f3n vigente.<\/p><p>Sus datos no ser\u00e1n cedidos a terceros, ni ser\u00e1n utilizados para otra finalidad que la indicada en el primer p\u00e1rrafo de este aviso, salvo que una ley establezca lo contrario o los datos sean requeridos por el Juez, el Ministerio Fiscal o cualquier entidad p\u00fablica que de conformidad con la Ley Org\u00e1nica de Protecci\u00f3n de Datos est\u00e9 legitimada para exigirlos.<\/p>\t\t\t\t\t\t\t\t<\/div>\n\t\t\t\t\t<\/div>\n\t\t\t\t<\/div>\n\t\t\t\t<\/div>","protected":false},"excerpt":{"rendered":"<p>Privacy Policy Privacy Policy In accordance with the provisions of Regulation (EU) 2016\/679 of April 27, 2016 regarding the protection of natural persons in terms of the processing of personal data (hereinafter the \u201cRegulation\u201d) we inform you that: The person responsible for the processing of your data is the Barcelona Medical Agency Association (hereinafter \u201cBMA\u201d), [&hellip;]<\/p>\n","protected":false},"author":1,"featured_media":0,"parent":0,"menu_order":0,"comment_status":"closed","ping_status":"closed","template":"elementor_header_footer","meta":{"footnotes":""},"class_list":["post-11960","page","type-page","status-publish","hentry"],"yoast_head":"<!-- This site is optimized with the Yoast SEO Premium plugin v26.8 (Yoast SEO v27.3) - https:\/\/yoast.com\/product\/yoast-seo-premium-wordpress\/ -->\n<title>Privacy Policy - Barcelona International Hospitals<\/title>\n<meta name=\"robots\" content=\"index, follow, max-snippet:-1, max-image-preview:large, max-video-preview:-1\" \/>\n<link rel=\"canonical\" href=\"https:\/\/barcelonainternationalhospitals.com\/es\/politica-de-privacidad\/\" \/>\n<meta property=\"og:locale\" content=\"es_ES\" \/>\n<meta property=\"og:type\" content=\"article\" \/>\n<meta property=\"og:title\" content=\"Privacy Policy\" \/>\n<meta property=\"og:description\" content=\"Privacy Policy Privacy Policy In accordance with the provisions of Regulation (EU) 2016\/679 of April 27, 2016 regarding the protection of natural persons in terms of the processing of personal data (hereinafter the \u201cRegulation\u201d) we inform you that: The person responsible for the processing of your data is the Barcelona Medical Agency Association (hereinafter \u201cBMA\u201d), [&hellip;]\" \/>\n<meta property=\"og:url\" content=\"https:\/\/barcelonainternationalhospitals.com\/es\/politica-de-privacidad\/\" \/>\n<meta property=\"og:site_name\" content=\"Barcelona International Hospitals\" \/>\n<meta property=\"article:modified_time\" content=\"2026-03-23T14:06:35+00:00\" \/>\n<meta name=\"twitter:card\" content=\"summary_large_image\" \/>\n<meta name=\"twitter:label1\" content=\"Tiempo de lectura\" \/>\n\t<meta name=\"twitter:data1\" content=\"2 minutos\" \/>\n<script type=\"application\/ld+json\" class=\"yoast-schema-graph\">{\"@context\":\"https:\\\/\\\/schema.org\",\"@graph\":[{\"@type\":\"WebPage\",\"@id\":\"https:\\\/\\\/barcelonainternationalhospitals.com\\\/privacy-policy\\\/\",\"url\":\"https:\\\/\\\/barcelonainternationalhospitals.com\\\/privacy-policy\\\/\",\"name\":\"Privacy Policy - Barcelona International Hospitals\",\"isPartOf\":{\"@id\":\"https:\\\/\\\/barcelonainternationalhospitals.com\\\/#website\"},\"datePublished\":\"2026-02-13T10:45:52+00:00\",\"dateModified\":\"2026-03-23T14:06:35+00:00\",\"breadcrumb\":{\"@id\":\"https:\\\/\\\/barcelonainternationalhospitals.com\\\/privacy-policy\\\/#breadcrumb\"},\"inLanguage\":\"es\",\"potentialAction\":[{\"@type\":\"ReadAction\",\"target\":[\"https:\\\/\\\/barcelonainternationalhospitals.com\\\/privacy-policy\\\/\"]}]},{\"@type\":\"BreadcrumbList\",\"@id\":\"https:\\\/\\\/barcelonainternationalhospitals.com\\\/privacy-policy\\\/#breadcrumb\",\"itemListElement\":[{\"@type\":\"ListItem\",\"position\":1,\"name\":\"Barcelona International Hospitals\",\"item\":\"https:\\\/\\\/barcelonainternationalhospitals.com\\\/\"},{\"@type\":\"ListItem\",\"position\":2,\"name\":\"Privacy Policy\"}]},{\"@type\":\"WebSite\",\"@id\":\"https:\\\/\\\/barcelonainternationalhospitals.com\\\/#website\",\"url\":\"https:\\\/\\\/barcelonainternationalhospitals.com\\\/\",\"name\":\"Barcelona International Hospitals\",\"description\":\"Medical excellence in Barcelona\",\"publisher\":{\"@id\":\"https:\\\/\\\/barcelonainternationalhospitals.com\\\/#organization\"},\"potentialAction\":[{\"@type\":\"SearchAction\",\"target\":{\"@type\":\"EntryPoint\",\"urlTemplate\":\"https:\\\/\\\/barcelonainternationalhospitals.com\\\/?s={search_term_string}\"},\"query-input\":{\"@type\":\"PropertyValueSpecification\",\"valueRequired\":true,\"valueName\":\"search_term_string\"}}],\"inLanguage\":\"es\"},{\"@type\":\"Organization\",\"@id\":\"https:\\\/\\\/barcelonainternationalhospitals.com\\\/#organization\",\"name\":\"Barcelona International Hospitals\",\"url\":\"https:\\\/\\\/barcelonainternationalhospitals.com\\\/\",\"logo\":{\"@type\":\"ImageObject\",\"inLanguage\":\"es\",\"@id\":\"https:\\\/\\\/barcelonainternationalhospitals.com\\\/#\\\/schema\\\/logo\\\/image\\\/\",\"url\":\"https:\\\/\\\/barcelonainternationalhospitals.com\\\/wp-content\\\/uploads\\\/2021\\\/06\\\/cropped-bih-favicon-1.png\",\"contentUrl\":\"https:\\\/\\\/barcelonainternationalhospitals.com\\\/wp-content\\\/uploads\\\/2021\\\/06\\\/cropped-bih-favicon-1.png\",\"width\":512,\"height\":512,\"caption\":\"Barcelona International Hospitals\"},\"image\":{\"@id\":\"https:\\\/\\\/barcelonainternationalhospitals.com\\\/#\\\/schema\\\/logo\\\/image\\\/\"}}]}<\/script>\n<!-- \/ Yoast SEO Premium plugin. -->","yoast_head_json":{"title":"Pol\u00edtica de privacidad - Hospitales Internacionales de Barcelona","robots":{"index":"index","follow":"follow","max-snippet":"max-snippet:-1","max-image-preview":"max-image-preview:large","max-video-preview":"max-video-preview:-1"},"canonical":"https:\/\/barcelonainternationalhospitals.com\/es\/politica-de-privacidad\/","og_locale":"es_ES","og_type":"article","og_title":"Privacy Policy","og_description":"Privacy Policy Privacy Policy In accordance with the provisions of Regulation (EU) 2016\/679 of April 27, 2016 regarding the protection of natural persons in terms of the processing of personal data (hereinafter the \u201cRegulation\u201d) we inform you that: The person responsible for the processing of your data is the Barcelona Medical Agency Association (hereinafter \u201cBMA\u201d), [&hellip;]","og_url":"https:\/\/barcelonainternationalhospitals.com\/es\/politica-de-privacidad\/","og_site_name":"Barcelona International Hospitals","article_modified_time":"2026-03-23T14:06:35+00:00","twitter_card":"summary_large_image","twitter_misc":{"Tiempo de lectura":"2 minutos"},"schema":{"@context":"https:\/\/schema.org","@graph":[{"@type":"WebPage","@id":"https:\/\/barcelonainternationalhospitals.com\/privacy-policy\/","url":"https:\/\/barcelonainternationalhospitals.com\/privacy-policy\/","name":"Pol\u00edtica de privacidad - Hospitales Internacionales de Barcelona","isPartOf":{"@id":"https:\/\/barcelonainternationalhospitals.com\/#website"},"datePublished":"2026-02-13T10:45:52+00:00","dateModified":"2026-03-23T14:06:35+00:00","breadcrumb":{"@id":"https:\/\/barcelonainternationalhospitals.com\/privacy-policy\/#breadcrumb"},"inLanguage":"es","potentialAction":[{"@type":"ReadAction","target":["https:\/\/barcelonainternationalhospitals.com\/privacy-policy\/"]}]},{"@type":"BreadcrumbList","@id":"https:\/\/barcelonainternationalhospitals.com\/privacy-policy\/#breadcrumb","itemListElement":[{"@type":"ListItem","position":1,"name":"Barcelona International Hospitals","item":"https:\/\/barcelonainternationalhospitals.com\/"},{"@type":"ListItem","position":2,"name":"Privacy Policy"}]},{"@type":"WebSite","@id":"https:\/\/barcelonainternationalhospitals.com\/#website","url":"https:\/\/barcelonainternationalhospitals.com\/","name":"Barcelona International Hospitals","description":"Excelencia m\u00e9dica en Barcelona","publisher":{"@id":"https:\/\/barcelonainternationalhospitals.com\/#organization"},"potentialAction":[{"@type":"SearchAction","target":{"@type":"EntryPoint","urlTemplate":"https:\/\/barcelonainternationalhospitals.com\/?s={search_term_string}"},"query-input":{"@type":"PropertyValueSpecification","valueRequired":true,"valueName":"search_term_string"}}],"inLanguage":"es"},{"@type":"Organization","@id":"https:\/\/barcelonainternationalhospitals.com\/#organization","name":"Barcelona International Hospitals","url":"https:\/\/barcelonainternationalhospitals.com\/","logo":{"@type":"ImageObject","inLanguage":"es","@id":"https:\/\/barcelonainternationalhospitals.com\/#\/schema\/logo\/image\/","url":"https:\/\/barcelonainternationalhospitals.com\/wp-content\/uploads\/2021\/06\/cropped-bih-favicon-1.png","contentUrl":"https:\/\/barcelonainternationalhospitals.com\/wp-content\/uploads\/2021\/06\/cropped-bih-favicon-1.png","width":512,"height":512,"caption":"Barcelona International Hospitals"},"image":{"@id":"https:\/\/barcelonainternationalhospitals.com\/#\/schema\/logo\/image\/"}}]}},"_links":{"self":[{"href":"https:\/\/barcelonainternationalhospitals.com\/es\/wp-json\/wp\/v2\/pages\/11960","targetHints":{"allow":["GET"]}}],"collection":[{"href":"https:\/\/barcelonainternationalhospitals.com\/es\/wp-json\/wp\/v2\/pages"}],"about":[{"href":"https:\/\/barcelonainternationalhospitals.com\/es\/wp-json\/wp\/v2\/types\/page"}],"author":[{"embeddable":true,"href":"https:\/\/barcelonainternationalhospitals.com\/es\/wp-json\/wp\/v2\/users\/1"}],"replies":[{"embeddable":true,"href":"https:\/\/barcelonainternationalhospitals.com\/es\/wp-json\/wp\/v2\/comments?post=11960"}],"version-history":[{"count":10,"href":"https:\/\/barcelonainternationalhospitals.com\/es\/wp-json\/wp\/v2\/pages\/11960\/revisions"}],"predecessor-version":[{"id":12259,"href":"https:\/\/barcelonainternationalhospitals.com\/es\/wp-json\/wp\/v2\/pages\/11960\/revisions\/12259"}],"wp:attachment":[{"href":"https:\/\/barcelonainternationalhospitals.com\/es\/wp-json\/wp\/v2\/media?parent=11960"}],"curies":[{"name":"wp","href":"https:\/\/api.w.org\/{rel}","templated":true}]}}