{"id":11952,"date":"2026-02-13T10:43:09","date_gmt":"2026-02-13T10:43:09","guid":{"rendered":"https:\/\/barcelonainternationalhospitals.com\/?page_id=11952"},"modified":"2026-02-13T10:44:50","modified_gmt":"2026-02-13T10:44:50","slug":"aviso-legal","status":"publish","type":"page","link":"https:\/\/barcelonainternationalhospitals.com\/es\/legal-notice\/","title":{"rendered":"Aviso legal"},"content":{"rendered":"<div data-elementor-type=\"wp-page\" data-elementor-id=\"11952\" class=\"elementor elementor-11952\" data-elementor-post-type=\"page\">\n\t\t\t\t<div class=\"elementor-element elementor-element-ca85700 e-flex e-con-boxed e-con e-parent\" data-id=\"ca85700\" data-element_type=\"container\" data-e-type=\"container\">\n\t\t\t\t\t<div class=\"e-con-inner\">\n\t\t\t\t<div class=\"elementor-element elementor-element-ce97cc8 elementor-widget elementor-widget-text-editor\" data-id=\"ce97cc8\" data-element_type=\"widget\" data-e-type=\"widget\" data-widget_type=\"text-editor.default\">\n\t\t\t\t\t\t\t\t\t<p>A los efectos del art\u00edculo 10 de la Ley 34\/2002, de 11 de julio, de Servicios de la Sociedad de la Informaci\u00f3n y de Comercio Electr\u00f3nico, se informa al usuario que el titular del sitio web es la ASOCIACI\u00d3N AGENCIA M\u00c9DICA DE BARCELONA (en adelante, BMA), con domicilio social en Barcelona (08021), c\/ Muntaner 231, 4-1A; provista de NIF n\u00famero G66205204; y direcci\u00f3n de correo electr\u00f3nico\u00a0<a href=\"mailto:info@barcelonamedicalagency.com\">info@barcelonamedicalagency.com<\/a>. Sus estatutos est\u00e1n inscritos en la Secci\u00f3n 1\u00aa del Registre d&#039;Associacions de la Generalitat de Catalunya. BMA opera en el mercado bajo la marca y dominio \u201cBarcelona International Hospitals\u201d.<\/p><p>\u00a0<\/p><h3>Uso y servicios del sitio web<\/h3><p>El acceso al sitio web por parte de los usuarios es gratuito, quedando expresamente prohibido cualquier utilizaci\u00f3n distinta a la finalidad del mismo.<\/p><p>El usuario podr\u00e1 elegir en qu\u00e9 idioma (catal\u00e1n, castellano o ingl\u00e9s) desea acceder a los contenidos del sitio web, as\u00ed como a la gesti\u00f3n de todos los servicios ofrecidos en el mismo.<\/p><p>El usuario se compromete a hacer un uso diligente del sitio web y de los servicios accesibles desde el mismo y a no utilizar los servicios o informaci\u00f3n contenidos en el sitio web para desarrollar actividades contrarias a la ley, a la moral y a las buenas costumbres, al orden p\u00fablico y, en general, a hacer un uso conforme al presente aviso legal.<\/p><p>BMA podr\u00e1 interrumpir temporal o permanentemente, a su entera discreci\u00f3n, el acceso al sitio web, as\u00ed como la prestaci\u00f3n de cualquiera o todos los servicios prestados a trav\u00e9s del mismo, en cualquier momento y sin previo aviso.<\/p><h3>\u00a0<\/h3><h3>Contenido<\/h3><p>El prop\u00f3sito de este sitio web es facilitar el conocimiento de las actividades y servicios que ofrece BMA y sus entidades asociadas. BMA se reserva el derecho de modificar, en cualquier momento y sin previo aviso, el contenido y la presentaci\u00f3n de su sitio web.<\/p><p>La informaci\u00f3n contenida en este sitio web es de car\u00e1cter informativo y en ning\u00fan caso sustituye el consejo m\u00e9dico profesional. El contenido publicado en este sitio web no est\u00e1 destinado a ser utilizado para diagn\u00f3stico o tratamiento m\u00e9dico. Por lo tanto, BMA no asumir\u00e1 ninguna responsabilidad por el uso indebido del contenido de su sitio web.<\/p><h2>\u00a0<\/h2><h3>Derechos de Propiedad Intelectual e Industrial<\/h3><p>BMA es titular (o, en su caso, de sus licenciantes) de los derechos de propiedad intelectual e industrial de la totalidad del contenido de este sitio web. En cualquier caso, BMA cuenta con la autorizaci\u00f3n correspondiente para utilizar el contenido proporcionado por sus socios como considere oportuno.<\/p><p>Queda estrictamente prohibida la reproducci\u00f3n, salvo para uso privado, la puesta a disposici\u00f3n del p\u00fablico y, en general, cualquier otra forma de explotaci\u00f3n de todo o parte del contenido de este sitio web, as\u00ed como de su dise\u00f1o. Estos actos de explotaci\u00f3n solo podr\u00e1n llevarse a cabo con la autorizaci\u00f3n expresa de BMA y siempre que se haga referencia expl\u00edcita a la titularidad de dichos derechos de propiedad intelectual por parte de BMA.<\/p><p>Queda estrictamente prohibido realizar, sin el consentimiento previo de BMA, cualquier manipulaci\u00f3n o alteraci\u00f3n de este sitio web. En consecuencia, BMA no asumir\u00e1 ninguna responsabilidad derivada o que pueda derivarse de dicha alteraci\u00f3n o manipulaci\u00f3n por parte de terceros.<\/p><h3>Responsabilidad limitada<\/h3><p>BMA no garantiza al usuario la disponibilidad, el acceso ni la continuidad de la conexi\u00f3n al sitio web ni del suministro de informaci\u00f3n ni de ninguno de los diferentes servicios que se ofrecen a trav\u00e9s de \u00e9l. En consecuencia, BMA y cualquier posible proveedor de contenido no ser\u00e1n responsables de interrupciones del servicio, retrasos, mal funcionamiento ni, en general, de ning\u00fan inconveniente que tenga su origen en causas ajenas a BMA o a los proveedores, o que se derive de una actuaci\u00f3n dolosa o negligente del usuario, o de fuerza mayor. BMA no garantiza la utilidad, los resultados ni la infalibilidad de los contenidos proporcionados a trav\u00e9s del sitio web, que en todo caso tienen una finalidad meramente orientativa e informativa. Dicha informaci\u00f3n se ha obtenido de fuentes consideradas razonablemente fiables, pero en ning\u00fan caso debe presumirse de su infalibilidad y, en todo caso, debe contrastarse con otras fuentes antes de adoptar cualquier opini\u00f3n o decisi\u00f3n por parte del usuario. Cualquier opini\u00f3n, medida, inversi\u00f3n o cualquier otra acci\u00f3n adoptada por el usuario ser\u00e1 por su propia cuenta y riesgo.<\/p><p>BMA no asume ninguna responsabilidad derivada del uso por parte del usuario de los contenidos del sitio web, y se reserva el derecho a modificar, sustituir, actualizar, renovar, denegar el acceso, interrumpir, bloquear, suspender temporalmente o cancelar definitivamente cualquier servicio, suministro de informaci\u00f3n o cualquier otro contenido, ya sea en relaci\u00f3n con un usuario concreto o en general.<\/p><p>Salvo que se indique expresamente lo contrario en cada caso, BMA no interviene, participa ni asume garant\u00eda alguna en relaci\u00f3n con los servicios o productos ofrecidos por terceros proveedores accesibles a trav\u00e9s de hiperv\u00ednculos o marcos publicitarios.<\/p><h3>\u00a0<\/h3><h3>Ley y Jurisdicci\u00f3n<\/h3><p>Todas las cuestiones que se susciten entre el usuario y BMA relativas a la interpretaci\u00f3n, cumplimiento y validez de este Aviso Legal se regir\u00e1n por sus propias cl\u00e1usulas y, en lo no previsto en las mismas, por la legislaci\u00f3n espa\u00f1ola, someti\u00e9ndose expresamente las partes a la jurisdicci\u00f3n de los Juzgados y Tribunales del domicilio de BMA.<\/p>\t\t\t\t\t\t\t\t<\/div>\n\t\t\t\t\t<\/div>\n\t\t\t\t<\/div>\n\t\t\t\t<\/div>","protected":false},"excerpt":{"rendered":"<p>For the purposes of Article 10 of Law 34 \/2002 of July 11, 2002, of Information Society Services and Electronic Commerce, the user is informed that the owner of the web site is the BARCELONA MEDICAL AGENCY ASSOCIATION (hereinafter, BMA), with registered office in Barcelona (08021), c \/ Muntaner 231, 4-1A; provided with N.I.F. number. [&hellip;]<\/p>\n","protected":false},"author":1,"featured_media":0,"parent":0,"menu_order":0,"comment_status":"closed","ping_status":"closed","template":"elementor_header_footer","meta":{"footnotes":""},"class_list":["post-11952","page","type-page","status-publish","hentry"],"yoast_head":"<!-- This site is optimized with the Yoast SEO Premium plugin v26.8 (Yoast SEO v27.4) - https:\/\/yoast.com\/product\/yoast-seo-premium-wordpress\/ -->\n<title>Legal Notice - Barcelona International Hospitals<\/title>\n<meta name=\"robots\" content=\"index, follow, max-snippet:-1, max-image-preview:large, max-video-preview:-1\" \/>\n<link rel=\"canonical\" href=\"https:\/\/barcelonainternationalhospitals.com\/es\/aviso-legal\/\" \/>\n<meta property=\"og:locale\" content=\"es_ES\" \/>\n<meta property=\"og:type\" content=\"article\" \/>\n<meta property=\"og:title\" content=\"Legal Notice\" \/>\n<meta property=\"og:description\" content=\"For the purposes of Article 10 of Law 34 \/2002 of July 11, 2002, of Information Society Services and Electronic Commerce, the user is informed that the owner of the web site is the BARCELONA MEDICAL AGENCY ASSOCIATION (hereinafter, BMA), with registered office in Barcelona (08021), c \/ Muntaner 231, 4-1A; provided with N.I.F. number. [&hellip;]\" \/>\n<meta property=\"og:url\" content=\"https:\/\/barcelonainternationalhospitals.com\/es\/aviso-legal\/\" \/>\n<meta property=\"og:site_name\" content=\"Barcelona International Hospitals\" \/>\n<meta property=\"article:modified_time\" content=\"2026-02-13T10:44:50+00:00\" \/>\n<meta name=\"twitter:card\" content=\"summary_large_image\" \/>\n<meta name=\"twitter:label1\" content=\"Tiempo de lectura\" \/>\n\t<meta name=\"twitter:data1\" content=\"4 minutos\" \/>\n<script type=\"application\/ld+json\" class=\"yoast-schema-graph\">{\"@context\":\"https:\\\/\\\/schema.org\",\"@graph\":[{\"@type\":\"WebPage\",\"@id\":\"https:\\\/\\\/barcelonainternationalhospitals.com\\\/legal-notice\\\/\",\"url\":\"https:\\\/\\\/barcelonainternationalhospitals.com\\\/legal-notice\\\/\",\"name\":\"Legal Notice - Barcelona International Hospitals\",\"isPartOf\":{\"@id\":\"https:\\\/\\\/barcelonainternationalhospitals.com\\\/#website\"},\"datePublished\":\"2026-02-13T10:43:09+00:00\",\"dateModified\":\"2026-02-13T10:44:50+00:00\",\"breadcrumb\":{\"@id\":\"https:\\\/\\\/barcelonainternationalhospitals.com\\\/legal-notice\\\/#breadcrumb\"},\"inLanguage\":\"es\",\"potentialAction\":[{\"@type\":\"ReadAction\",\"target\":[\"https:\\\/\\\/barcelonainternationalhospitals.com\\\/legal-notice\\\/\"]}]},{\"@type\":\"BreadcrumbList\",\"@id\":\"https:\\\/\\\/barcelonainternationalhospitals.com\\\/legal-notice\\\/#breadcrumb\",\"itemListElement\":[{\"@type\":\"ListItem\",\"position\":1,\"name\":\"Barcelona International Hospitals\",\"item\":\"https:\\\/\\\/barcelonainternationalhospitals.com\\\/\"},{\"@type\":\"ListItem\",\"position\":2,\"name\":\"Legal Notice\"}]},{\"@type\":\"WebSite\",\"@id\":\"https:\\\/\\\/barcelonainternationalhospitals.com\\\/#website\",\"url\":\"https:\\\/\\\/barcelonainternationalhospitals.com\\\/\",\"name\":\"Barcelona International Hospitals\",\"description\":\"Medical excellence in Barcelona\",\"publisher\":{\"@id\":\"https:\\\/\\\/barcelonainternationalhospitals.com\\\/#organization\"},\"potentialAction\":[{\"@type\":\"SearchAction\",\"target\":{\"@type\":\"EntryPoint\",\"urlTemplate\":\"https:\\\/\\\/barcelonainternationalhospitals.com\\\/?s={search_term_string}\"},\"query-input\":{\"@type\":\"PropertyValueSpecification\",\"valueRequired\":true,\"valueName\":\"search_term_string\"}}],\"inLanguage\":\"es\"},{\"@type\":\"Organization\",\"@id\":\"https:\\\/\\\/barcelonainternationalhospitals.com\\\/#organization\",\"name\":\"Barcelona International Hospitals\",\"url\":\"https:\\\/\\\/barcelonainternationalhospitals.com\\\/\",\"logo\":{\"@type\":\"ImageObject\",\"inLanguage\":\"es\",\"@id\":\"https:\\\/\\\/barcelonainternationalhospitals.com\\\/#\\\/schema\\\/logo\\\/image\\\/\",\"url\":\"https:\\\/\\\/barcelonainternationalhospitals.com\\\/wp-content\\\/uploads\\\/2021\\\/06\\\/cropped-bih-favicon-1.png\",\"contentUrl\":\"https:\\\/\\\/barcelonainternationalhospitals.com\\\/wp-content\\\/uploads\\\/2021\\\/06\\\/cropped-bih-favicon-1.png\",\"width\":512,\"height\":512,\"caption\":\"Barcelona International Hospitals\"},\"image\":{\"@id\":\"https:\\\/\\\/barcelonainternationalhospitals.com\\\/#\\\/schema\\\/logo\\\/image\\\/\"}}]}<\/script>\n<!-- \/ Yoast SEO Premium plugin. -->","yoast_head_json":{"title":"Aviso Legal - Hospitales Internacionales de Barcelona","robots":{"index":"index","follow":"follow","max-snippet":"max-snippet:-1","max-image-preview":"max-image-preview:large","max-video-preview":"max-video-preview:-1"},"canonical":"https:\/\/barcelonainternationalhospitals.com\/es\/aviso-legal\/","og_locale":"es_ES","og_type":"article","og_title":"Legal Notice","og_description":"For the purposes of Article 10 of Law 34 \/2002 of July 11, 2002, of Information Society Services and Electronic Commerce, the user is informed that the owner of the web site is the BARCELONA MEDICAL AGENCY ASSOCIATION (hereinafter, BMA), with registered office in Barcelona (08021), c \/ Muntaner 231, 4-1A; provided with N.I.F. number. [&hellip;]","og_url":"https:\/\/barcelonainternationalhospitals.com\/es\/aviso-legal\/","og_site_name":"Barcelona International Hospitals","article_modified_time":"2026-02-13T10:44:50+00:00","twitter_card":"summary_large_image","twitter_misc":{"Tiempo de lectura":"4 minutos"},"schema":{"@context":"https:\/\/schema.org","@graph":[{"@type":"WebPage","@id":"https:\/\/barcelonainternationalhospitals.com\/legal-notice\/","url":"https:\/\/barcelonainternationalhospitals.com\/legal-notice\/","name":"Aviso Legal - Hospitales Internacionales de Barcelona","isPartOf":{"@id":"https:\/\/barcelonainternationalhospitals.com\/#website"},"datePublished":"2026-02-13T10:43:09+00:00","dateModified":"2026-02-13T10:44:50+00:00","breadcrumb":{"@id":"https:\/\/barcelonainternationalhospitals.com\/legal-notice\/#breadcrumb"},"inLanguage":"es","potentialAction":[{"@type":"ReadAction","target":["https:\/\/barcelonainternationalhospitals.com\/legal-notice\/"]}]},{"@type":"BreadcrumbList","@id":"https:\/\/barcelonainternationalhospitals.com\/legal-notice\/#breadcrumb","itemListElement":[{"@type":"ListItem","position":1,"name":"Barcelona International Hospitals","item":"https:\/\/barcelonainternationalhospitals.com\/"},{"@type":"ListItem","position":2,"name":"Legal Notice"}]},{"@type":"WebSite","@id":"https:\/\/barcelonainternationalhospitals.com\/#website","url":"https:\/\/barcelonainternationalhospitals.com\/","name":"Barcelona International Hospitals","description":"Excelencia m\u00e9dica en Barcelona","publisher":{"@id":"https:\/\/barcelonainternationalhospitals.com\/#organization"},"potentialAction":[{"@type":"SearchAction","target":{"@type":"EntryPoint","urlTemplate":"https:\/\/barcelonainternationalhospitals.com\/?s={search_term_string}"},"query-input":{"@type":"PropertyValueSpecification","valueRequired":true,"valueName":"search_term_string"}}],"inLanguage":"es"},{"@type":"Organization","@id":"https:\/\/barcelonainternationalhospitals.com\/#organization","name":"Barcelona International Hospitals","url":"https:\/\/barcelonainternationalhospitals.com\/","logo":{"@type":"ImageObject","inLanguage":"es","@id":"https:\/\/barcelonainternationalhospitals.com\/#\/schema\/logo\/image\/","url":"https:\/\/barcelonainternationalhospitals.com\/wp-content\/uploads\/2021\/06\/cropped-bih-favicon-1.png","contentUrl":"https:\/\/barcelonainternationalhospitals.com\/wp-content\/uploads\/2021\/06\/cropped-bih-favicon-1.png","width":512,"height":512,"caption":"Barcelona International Hospitals"},"image":{"@id":"https:\/\/barcelonainternationalhospitals.com\/#\/schema\/logo\/image\/"}}]}},"_links":{"self":[{"href":"https:\/\/barcelonainternationalhospitals.com\/es\/wp-json\/wp\/v2\/pages\/11952","targetHints":{"allow":["GET"]}}],"collection":[{"href":"https:\/\/barcelonainternationalhospitals.com\/es\/wp-json\/wp\/v2\/pages"}],"about":[{"href":"https:\/\/barcelonainternationalhospitals.com\/es\/wp-json\/wp\/v2\/types\/page"}],"author":[{"embeddable":true,"href":"https:\/\/barcelonainternationalhospitals.com\/es\/wp-json\/wp\/v2\/users\/1"}],"replies":[{"embeddable":true,"href":"https:\/\/barcelonainternationalhospitals.com\/es\/wp-json\/wp\/v2\/comments?post=11952"}],"version-history":[{"count":7,"href":"https:\/\/barcelonainternationalhospitals.com\/es\/wp-json\/wp\/v2\/pages\/11952\/revisions"}],"predecessor-version":[{"id":11959,"href":"https:\/\/barcelonainternationalhospitals.com\/es\/wp-json\/wp\/v2\/pages\/11952\/revisions\/11959"}],"wp:attachment":[{"href":"https:\/\/barcelonainternationalhospitals.com\/es\/wp-json\/wp\/v2\/media?parent=11952"}],"curies":[{"name":"wp","href":"https:\/\/api.w.org\/{rel}","templated":true}]}}