{"id":11960,"date":"2026-02-13T10:45:52","date_gmt":"2026-02-13T10:45:52","guid":{"rendered":"https:\/\/barcelonainternationalhospitals.com\/?page_id=11960"},"modified":"2026-03-23T14:06:35","modified_gmt":"2026-03-23T14:06:35","slug":"politica-de-privacitat","status":"publish","type":"page","link":"https:\/\/barcelonainternationalhospitals.com\/ca\/privacy-policy\/","title":{"rendered":"Pol\u00edtica de privacitat"},"content":{"rendered":"<div data-elementor-type=\"wp-page\" data-elementor-id=\"11960\" class=\"elementor elementor-11960\" data-elementor-post-type=\"page\">\n\t\t\t\t<div class=\"elementor-element elementor-element-5936a58 e-flex e-con-boxed e-con e-parent\" data-id=\"5936a58\" data-element_type=\"container\" data-e-type=\"container\">\n\t\t\t\t\t<div class=\"e-con-inner\">\n\t\t\t\t<div class=\"elementor-element elementor-element-4f67b13 elementor-widget elementor-widget-text-editor\" data-id=\"4f67b13\" data-element_type=\"widget\" data-e-type=\"widget\" data-widget_type=\"text-editor.default\">\n\t\t\t\t\t\t\t\t\t<h1>Pol\u00edtica de privacitat<\/h1><p>Pol\u00edtica de privacitat De conformitat amb el que estableix el Reglament (UE) 2016\/679 de 27 d&#039;abril de 2016 relatiu a la protecci\u00f3 de les persones f\u00edsiques pel que fa al tractament de dades personals (en endavant, el &quot;Reglament&quot;), l&#039;informem que:<\/p><ul><li>El responsable del tractament de les vostres dades \u00e9s l&#039;Associaci\u00f3 d&#039;Ag\u00e8ncies M\u00e8diques de Barcelona (en endavant \u201cBMA\u201d), amb CIF G66205204, i amb domicili a Barcelona, \u200b\u200bCarrer Muntaner 231, 4-1 A. Podeu contactar amb el responsable a trav\u00e9s de\u00a0<a href=\"mailto:info@barcelonainternationalhospitals.com\">info@barcelonainternationalhospitals.com<\/a>, i les seves dades es tractaran amb l'\u00fanica i exclusiva finalitat de gestionar la sol\u00b7licitud que realitza a trav\u00e9s del WEB.<\/li><li>Nom\u00e9s processarem les dades recollides al formulari de consulta, necess\u00e0ries per gestionar la seva sol\u00b7licitud (nom i cognoms, correu electr\u00f2nic, tel\u00e8fon i la informaci\u00f3 del missatge enviat).<\/li><li>Les dades es conservaran durant el temps que sigui necessari per complir la finalitat per la qual s&#039;han sol\u00b7licitat, sempre que no s&#039;hagi sol\u00b7licitat la seva supressi\u00f3. Aix\u00ed com mentre siguin necess\u00e0ries per determinar les possibles responsabilitats que es puguin derivar d&#039;aquesta finalitat i del tractament de les dades.<\/li><li>Nom\u00e9s si et subscrius al nostre butllet\u00ed, guardarem les teves dades a Mailchimp per a la seva gesti\u00f3 i enviament. Pots consultar la seva pol\u00edtica de privacitat.\u00a0<a href=\"https:\/\/mailchimp.com\/legal\/privacy\/\">aqu\u00ed<\/a><\/li><li>Tens dret a accedir a les teves dades, sol\u00b7licitar la rectificaci\u00f3 de les dades inexactes o, si escau, sol\u00b7licitar la seva supressi\u00f3. Aix\u00ed com limitar-ne el tractament, oposar-te i retirar el consentiment per al seu \u00fas per a determinades finalitats. Aquests drets es poden exercir a trav\u00e9s del correu electr\u00f2nic\u00a0<a href=\"mailto:info@barcelonainternationalhospitals.com\">info@barcelonainternationalhospitals.com<\/a>. Aix\u00ed mateix, l&#039;informem del seu dret a presentar una reclamaci\u00f3 davant l&#039;Ag\u00e8ncia Catalana de Protecci\u00f3 de Dades contra qualsevol actuaci\u00f3 de BMA que consideri que vulnera els seus drets.<\/li><\/ul><p>Llevat que s&#039;estableixi espec\u00edficament el contrari, caldr\u00e0 emplenar tots els camps del formulari, amb dades exactes, completes i actualitzades, ja que en cas contrari, l&#039;entitat podr\u00e0 responsabilitzar l&#039;usuari pels danys que la introducci\u00f3 d&#039;aquestes pugui ocasionar.<\/p><p>Quan sigui necess\u00e0ria la presentaci\u00f3 del consentiment, aquest ha de ser proporcionat per una persona amb plena capacitat d&#039;obrar, en cas contrari, el consentiment ha de ser donat pel seu representant o tutor legal.<\/p><p>Totes les dades seran tractades aplicant les mesures t\u00e8cniques i organitzatives de seguretat establertes per la legislaci\u00f3 vigent.<\/p><p>Les seves dades no seran cedides a tercers, ni s&#039;utilitzaran per a cap altra finalitat que no sigui l&#039;indicada en el primer par\u00e0graf d&#039;aquest av\u00eds, llevat que una llei estableixi el contrari o les dades siguin requerides pel Jutge, el Ministeri Fiscal o qualsevol entitat p\u00fablica que d&#039;acord amb la Llei Org\u00e0nica de Protecci\u00f3 de Dades estigui legitimada per exigir-les.<\/p>\t\t\t\t\t\t\t\t<\/div>\n\t\t\t\t\t<\/div>\n\t\t\t\t<\/div>\n\t\t\t\t<\/div>","protected":false},"excerpt":{"rendered":"<p>Privacy Policy Privacy Policy In accordance with the provisions of Regulation (EU) 2016\/679 of April 27, 2016 regarding the protection of natural persons in terms of the processing of personal data (hereinafter the \u201cRegulation\u201d) we inform you that: The person responsible for the processing of your data is the Barcelona Medical Agency Association (hereinafter \u201cBMA\u201d), [&hellip;]<\/p>\n","protected":false},"author":1,"featured_media":0,"parent":0,"menu_order":0,"comment_status":"closed","ping_status":"closed","template":"elementor_header_footer","meta":{"footnotes":""},"class_list":["post-11960","page","type-page","status-publish","hentry"],"yoast_head":"<!-- This site is optimized with the Yoast SEO Premium plugin v26.8 (Yoast SEO v27.3) - https:\/\/yoast.com\/product\/yoast-seo-premium-wordpress\/ -->\n<title>Privacy Policy - Barcelona International Hospitals<\/title>\n<meta name=\"robots\" content=\"index, follow, max-snippet:-1, max-image-preview:large, max-video-preview:-1\" \/>\n<link rel=\"canonical\" href=\"https:\/\/barcelonainternationalhospitals.com\/ca\/politica-de-privacitat\/\" \/>\n<meta property=\"og:locale\" content=\"ca_ES\" \/>\n<meta property=\"og:type\" content=\"article\" \/>\n<meta property=\"og:title\" content=\"Privacy Policy\" \/>\n<meta property=\"og:description\" content=\"Privacy Policy Privacy Policy In accordance with the provisions of Regulation (EU) 2016\/679 of April 27, 2016 regarding the protection of natural persons in terms of the processing of personal data (hereinafter the \u201cRegulation\u201d) we inform you that: The person responsible for the processing of your data is the Barcelona Medical Agency Association (hereinafter \u201cBMA\u201d), [&hellip;]\" \/>\n<meta property=\"og:url\" content=\"https:\/\/barcelonainternationalhospitals.com\/ca\/politica-de-privacitat\/\" \/>\n<meta property=\"og:site_name\" content=\"Barcelona International Hospitals\" \/>\n<meta property=\"article:modified_time\" content=\"2026-03-23T14:06:35+00:00\" \/>\n<meta name=\"twitter:card\" content=\"summary_large_image\" \/>\n<meta name=\"twitter:label1\" content=\"Temps estimat de lectura\" \/>\n\t<meta name=\"twitter:data1\" content=\"2 minuts\" \/>\n<script type=\"application\/ld+json\" class=\"yoast-schema-graph\">{\"@context\":\"https:\\\/\\\/schema.org\",\"@graph\":[{\"@type\":\"WebPage\",\"@id\":\"https:\\\/\\\/barcelonainternationalhospitals.com\\\/privacy-policy\\\/\",\"url\":\"https:\\\/\\\/barcelonainternationalhospitals.com\\\/privacy-policy\\\/\",\"name\":\"Privacy Policy - Barcelona International Hospitals\",\"isPartOf\":{\"@id\":\"https:\\\/\\\/barcelonainternationalhospitals.com\\\/#website\"},\"datePublished\":\"2026-02-13T10:45:52+00:00\",\"dateModified\":\"2026-03-23T14:06:35+00:00\",\"breadcrumb\":{\"@id\":\"https:\\\/\\\/barcelonainternationalhospitals.com\\\/privacy-policy\\\/#breadcrumb\"},\"inLanguage\":\"ca\",\"potentialAction\":[{\"@type\":\"ReadAction\",\"target\":[\"https:\\\/\\\/barcelonainternationalhospitals.com\\\/privacy-policy\\\/\"]}]},{\"@type\":\"BreadcrumbList\",\"@id\":\"https:\\\/\\\/barcelonainternationalhospitals.com\\\/privacy-policy\\\/#breadcrumb\",\"itemListElement\":[{\"@type\":\"ListItem\",\"position\":1,\"name\":\"Barcelona International Hospitals\",\"item\":\"https:\\\/\\\/barcelonainternationalhospitals.com\\\/\"},{\"@type\":\"ListItem\",\"position\":2,\"name\":\"Privacy Policy\"}]},{\"@type\":\"WebSite\",\"@id\":\"https:\\\/\\\/barcelonainternationalhospitals.com\\\/#website\",\"url\":\"https:\\\/\\\/barcelonainternationalhospitals.com\\\/\",\"name\":\"Barcelona International Hospitals\",\"description\":\"Medical excellence in Barcelona\",\"publisher\":{\"@id\":\"https:\\\/\\\/barcelonainternationalhospitals.com\\\/#organization\"},\"potentialAction\":[{\"@type\":\"SearchAction\",\"target\":{\"@type\":\"EntryPoint\",\"urlTemplate\":\"https:\\\/\\\/barcelonainternationalhospitals.com\\\/?s={search_term_string}\"},\"query-input\":{\"@type\":\"PropertyValueSpecification\",\"valueRequired\":true,\"valueName\":\"search_term_string\"}}],\"inLanguage\":\"ca\"},{\"@type\":\"Organization\",\"@id\":\"https:\\\/\\\/barcelonainternationalhospitals.com\\\/#organization\",\"name\":\"Barcelona International Hospitals\",\"url\":\"https:\\\/\\\/barcelonainternationalhospitals.com\\\/\",\"logo\":{\"@type\":\"ImageObject\",\"inLanguage\":\"ca\",\"@id\":\"https:\\\/\\\/barcelonainternationalhospitals.com\\\/#\\\/schema\\\/logo\\\/image\\\/\",\"url\":\"https:\\\/\\\/barcelonainternationalhospitals.com\\\/wp-content\\\/uploads\\\/2021\\\/06\\\/cropped-bih-favicon-1.png\",\"contentUrl\":\"https:\\\/\\\/barcelonainternationalhospitals.com\\\/wp-content\\\/uploads\\\/2021\\\/06\\\/cropped-bih-favicon-1.png\",\"width\":512,\"height\":512,\"caption\":\"Barcelona International Hospitals\"},\"image\":{\"@id\":\"https:\\\/\\\/barcelonainternationalhospitals.com\\\/#\\\/schema\\\/logo\\\/image\\\/\"}}]}<\/script>\n<!-- \/ Yoast SEO Premium plugin. -->","yoast_head_json":{"title":"Pol\u00edtica de privacitat - Hospitals Internacionals de Barcelona","robots":{"index":"index","follow":"follow","max-snippet":"max-snippet:-1","max-image-preview":"max-image-preview:large","max-video-preview":"max-video-preview:-1"},"canonical":"https:\/\/barcelonainternationalhospitals.com\/ca\/politica-de-privacitat\/","og_locale":"ca_ES","og_type":"article","og_title":"Privacy Policy","og_description":"Privacy Policy Privacy Policy In accordance with the provisions of Regulation (EU) 2016\/679 of April 27, 2016 regarding the protection of natural persons in terms of the processing of personal data (hereinafter the \u201cRegulation\u201d) we inform you that: The person responsible for the processing of your data is the Barcelona Medical Agency Association (hereinafter \u201cBMA\u201d), [&hellip;]","og_url":"https:\/\/barcelonainternationalhospitals.com\/ca\/politica-de-privacitat\/","og_site_name":"Barcelona International Hospitals","article_modified_time":"2026-03-23T14:06:35+00:00","twitter_card":"summary_large_image","twitter_misc":{"Temps estimat de lectura":"2 minuts"},"schema":{"@context":"https:\/\/schema.org","@graph":[{"@type":"WebPage","@id":"https:\/\/barcelonainternationalhospitals.com\/privacy-policy\/","url":"https:\/\/barcelonainternationalhospitals.com\/privacy-policy\/","name":"Pol\u00edtica de privacitat - Hospitals Internacionals de Barcelona","isPartOf":{"@id":"https:\/\/barcelonainternationalhospitals.com\/#website"},"datePublished":"2026-02-13T10:45:52+00:00","dateModified":"2026-03-23T14:06:35+00:00","breadcrumb":{"@id":"https:\/\/barcelonainternationalhospitals.com\/privacy-policy\/#breadcrumb"},"inLanguage":"ca","potentialAction":[{"@type":"ReadAction","target":["https:\/\/barcelonainternationalhospitals.com\/privacy-policy\/"]}]},{"@type":"BreadcrumbList","@id":"https:\/\/barcelonainternationalhospitals.com\/privacy-policy\/#breadcrumb","itemListElement":[{"@type":"ListItem","position":1,"name":"Barcelona International Hospitals","item":"https:\/\/barcelonainternationalhospitals.com\/"},{"@type":"ListItem","position":2,"name":"Privacy Policy"}]},{"@type":"WebSite","@id":"https:\/\/barcelonainternationalhospitals.com\/#website","url":"https:\/\/barcelonainternationalhospitals.com\/","name":"Barcelona International Hospitals","description":"Excel\u00b7l\u00e8ncia m\u00e8dica a Barcelona","publisher":{"@id":"https:\/\/barcelonainternationalhospitals.com\/#organization"},"potentialAction":[{"@type":"SearchAction","target":{"@type":"EntryPoint","urlTemplate":"https:\/\/barcelonainternationalhospitals.com\/?s={search_term_string}"},"query-input":{"@type":"PropertyValueSpecification","valueRequired":true,"valueName":"search_term_string"}}],"inLanguage":"ca"},{"@type":"Organization","@id":"https:\/\/barcelonainternationalhospitals.com\/#organization","name":"Barcelona International Hospitals","url":"https:\/\/barcelonainternationalhospitals.com\/","logo":{"@type":"ImageObject","inLanguage":"ca","@id":"https:\/\/barcelonainternationalhospitals.com\/#\/schema\/logo\/image\/","url":"https:\/\/barcelonainternationalhospitals.com\/wp-content\/uploads\/2021\/06\/cropped-bih-favicon-1.png","contentUrl":"https:\/\/barcelonainternationalhospitals.com\/wp-content\/uploads\/2021\/06\/cropped-bih-favicon-1.png","width":512,"height":512,"caption":"Barcelona International Hospitals"},"image":{"@id":"https:\/\/barcelonainternationalhospitals.com\/#\/schema\/logo\/image\/"}}]}},"_links":{"self":[{"href":"https:\/\/barcelonainternationalhospitals.com\/ca\/wp-json\/wp\/v2\/pages\/11960","targetHints":{"allow":["GET"]}}],"collection":[{"href":"https:\/\/barcelonainternationalhospitals.com\/ca\/wp-json\/wp\/v2\/pages"}],"about":[{"href":"https:\/\/barcelonainternationalhospitals.com\/ca\/wp-json\/wp\/v2\/types\/page"}],"author":[{"embeddable":true,"href":"https:\/\/barcelonainternationalhospitals.com\/ca\/wp-json\/wp\/v2\/users\/1"}],"replies":[{"embeddable":true,"href":"https:\/\/barcelonainternationalhospitals.com\/ca\/wp-json\/wp\/v2\/comments?post=11960"}],"version-history":[{"count":10,"href":"https:\/\/barcelonainternationalhospitals.com\/ca\/wp-json\/wp\/v2\/pages\/11960\/revisions"}],"predecessor-version":[{"id":12259,"href":"https:\/\/barcelonainternationalhospitals.com\/ca\/wp-json\/wp\/v2\/pages\/11960\/revisions\/12259"}],"wp:attachment":[{"href":"https:\/\/barcelonainternationalhospitals.com\/ca\/wp-json\/wp\/v2\/media?parent=11960"}],"curies":[{"name":"wp","href":"https:\/\/api.w.org\/{rel}","templated":true}]}}