{"id":11952,"date":"2026-02-13T10:43:09","date_gmt":"2026-02-13T10:43:09","guid":{"rendered":"https:\/\/barcelonainternationalhospitals.com\/?page_id=11952"},"modified":"2026-02-13T10:44:50","modified_gmt":"2026-02-13T10:44:50","slug":"avis-legal","status":"publish","type":"page","link":"https:\/\/barcelonainternationalhospitals.com\/ca\/legal-notice\/","title":{"rendered":"Av\u00eds legal"},"content":{"rendered":"<div data-elementor-type=\"wp-page\" data-elementor-id=\"11952\" class=\"elementor elementor-11952\" data-elementor-post-type=\"page\">\n\t\t\t\t<div class=\"elementor-element elementor-element-ca85700 e-flex e-con-boxed e-con e-parent\" data-id=\"ca85700\" data-element_type=\"container\" data-e-type=\"container\">\n\t\t\t\t\t<div class=\"e-con-inner\">\n\t\t\t\t<div class=\"elementor-element elementor-element-ce97cc8 elementor-widget elementor-widget-text-editor\" data-id=\"ce97cc8\" data-element_type=\"widget\" data-e-type=\"widget\" data-widget_type=\"text-editor.default\">\n\t\t\t\t\t\t\t\t\t<p>Als efectes de l&#039;article 10 de la Llei 34\/2002, d&#039;11 de juliol, de Serveis de la Societat de la Informaci\u00f3 i del Comer\u00e7 Electr\u00f2nic, s&#039;informa a l&#039;usuari que el titular del lloc web \u00e9s l&#039;ASSOCIACI\u00d3 D&#039;AG\u00c8NCIES M\u00c8DIQUES DE BARCELONA (d&#039;ara endavant, BMA), amb domicili social a Barcelona (08021), c\/ Muntaner 231, 4-1A; prove\u00efda del n\u00famero de NIF. G66205204; i adre\u00e7a de correu electr\u00f2nic.\u00a0<a href=\"mailto:info@barcelonamedicalagency.com\">info@barcelonamedicalagency.com<\/a>. Els seus estatuts estan inscrits a la Secci\u00f3 1a del Registre d&#039;Associacions de la Generalitat de Catalunya. BMA opera al mercat amb la marca i el domini \u201cBarcelona International Hospitals\u201d.<\/p><p>\u00a0<\/p><h3>\u00das i serveis del lloc web<\/h3><p>L&#039;acc\u00e9s al lloc web per part dels usuaris \u00e9s gratu\u00eft, i qualsevol \u00fas que no sigui per a la finalitat d&#039;aquest lloc web est\u00e0 expressament prohibit.<\/p><p>L&#039;usuari pot triar en quin idioma (catal\u00e0, castell\u00e0 o angl\u00e8s) vol accedir als continguts del lloc web, aix\u00ed com a la gesti\u00f3 de tots els serveis que s&#039;hi ofereixen.<\/p><p>L&#039;usuari es compromet a fer un \u00fas diligent del lloc web i dels serveis accessibles des d&#039;ell i a no utilitzar els serveis o la informaci\u00f3 continguda en el lloc web per desenvolupar activitats contr\u00e0ries a les lleis, la moral i els bons costums, l&#039;ordre p\u00fablic i, en general, a fer un \u00fas d&#039;acord amb aquest av\u00eds legal.<\/p><p>BMA pot interrompre temporalment o permanentment, a la seva entera discreci\u00f3, l&#039;acc\u00e9s al lloc web, aix\u00ed com la prestaci\u00f3 de qualsevol o tots els serveis prestats a trav\u00e9s del lloc web, en qualsevol moment i sense previ av\u00eds.<\/p><h3>\u00a0<\/h3><h3>Contingut<\/h3><p>La finalitat d&#039;aquest lloc web \u00e9s facilitar el coneixement de les activitats i serveis que presta BMA i les seves entitats associades. BMA es reserva el dret de fer, en qualsevol moment i sense previ av\u00eds, modificacions en els continguts i la presentaci\u00f3 del seu lloc web.<\/p><p>La informaci\u00f3 continguda en aquest lloc web \u00e9s de car\u00e0cter informatiu i en cap cas pret\u00e9n substituir el consell m\u00e8dic professional. Cap dels continguts publicats en aquest lloc web pret\u00e9n ser utilitzats per a diagn\u00f2stics o tractaments m\u00e8dics. Per tant, BMA no assumir\u00e0 cap responsabilitat per l&#039;\u00fas inadequat dels continguts del seu lloc web.<\/p><h2>\u00a0<\/h2><h3>Drets de propietat intel\u00b7lectual i industrial<\/h3><p>BMA \u00e9s la titular (o els seus llicenciadors, si n&#039;hi ha) dels drets de propietat intel\u00b7lectual i industrial de la totalitat dels continguts d&#039;aquest lloc web. En qualsevol cas, BMA t\u00e9 l&#039;autoritzaci\u00f3 corresponent per utilitzar el contingut proporcionat pels seus socis com consideri oport\u00fa.<\/p><p>La reproducci\u00f3, excepte per a \u00fas privat, la posada a disposici\u00f3 del p\u00fablic i en general qualsevol altra forma d&#039;explotaci\u00f3 de tot o part dels continguts d&#039;aquest lloc web, aix\u00ed com del seu disseny, queda estrictament prohibida. Aquests actes d&#039;explotaci\u00f3 nom\u00e9s es poden dur a terme amb l&#039;autoritzaci\u00f3 expressa de BMA i sempre que es faci refer\u00e8ncia expl\u00edcita a la titularitat d&#039;aquests drets de propietat intel\u00b7lectual per part de BMA.<\/p><p>Queda estrictament prohibit dur a terme, sense el consentiment previ de BMA, qualsevol manipulaci\u00f3 o alteraci\u00f3 d&#039;aquest lloc web. En conseq\u00fc\u00e8ncia, BMA no assumir\u00e0 cap responsabilitat derivada, o que pugui derivar-se, d&#039;aquesta alteraci\u00f3 o manipulaci\u00f3 per part de tercers.<\/p><h3>Responsabilitat limitada<\/h3><p>BMA no garanteix a l&#039;usuari la disponibilitat, l&#039;acc\u00e9s o la continu\u00eftat en la connexi\u00f3 al lloc web i en el subministrament d&#039;informaci\u00f3 o de qualsevol dels diferents serveis oferts a trav\u00e9s d&#039;aquest. En conseq\u00fc\u00e8ncia, BMA i qualsevol possible prove\u00efdor de continguts no seran responsables en cas d&#039;interrupcions del servei, retards, mal funcionament i, en general, qualsevol inconvenient que tingui el seu origen en causes fora del control de BMA o dels prove\u00efdors, o sorgeixi d&#039;una acci\u00f3 volunt\u00e0ria o negligent de l&#039;usuari, o de for\u00e7a major. BMA no garanteix la utilitat, els resultats o la infal\u00b7libilitat dels continguts proporcionats a trav\u00e9s del lloc web, que en qualsevol cas tenen finalitat orientativa i informativa \u00fanicament. Aquesta informaci\u00f3 s&#039;ha obtingut de fonts considerades raonablement fiables, per\u00f2 no s&#039;ha de presumir en cap cas com a infal\u00b7lible, i s&#039;ha de contrastar en tot cas amb altres fonts, abans d&#039;adoptar qualsevol estat d&#039;opini\u00f3 o decisi\u00f3 per part de l&#039;usuari. Qualsevol opini\u00f3, mesura, acci\u00f3 d&#039;inversi\u00f3 o qualsevol altre tipus d&#039;acci\u00f3 adoptada per l&#039;usuari ser\u00e0 sota la responsabilitat exclusiva de l&#039;usuari.<\/p><p>BMA no assumeix cap responsabilitat derivada de l&#039;\u00fas per part de l&#039;usuari dels continguts del lloc web, i es reserva el dret de modificar, substituir, actualitzar, renovar, denegar l&#039;acc\u00e9s, interrompre, bloquejar, suspendre temporalment o cancel\u00b7lar definitivament qualsevol servei, subministrament d&#039;informaci\u00f3 o qualsevol altre contingut, ja sigui en relaci\u00f3 amb un usuari concret o en general.<\/p><p>Llevat que s&#039;indiqui expressament el contrari en cada cas, BMA no interv\u00e9, participa ni assumeix cap garantia en relaci\u00f3 amb els serveis o productes oferts per tercers prove\u00efdors accessibles mitjan\u00e7ant hiperenlla\u00e7os o marcs publicitaris.<\/p><h3>\u00a0<\/h3><h3>Dret i Jurisdicci\u00f3<\/h3><p>Totes les q\u00fcestions que sorgeixin entre l&#039;usuari i BMA relatives a la interpretaci\u00f3, compliment i validesa d&#039;aquest Av\u00eds Legal es regiran per les seves pr\u00f2pies cl\u00e0usules i, en tot all\u00f2 no previst en el mateix, d&#039;acord amb la legislaci\u00f3 espanyola, i les parts se sotmeten expressament a la jurisdicci\u00f3 dels Jutjats i Tribunals del domicili de BMA.<\/p>\t\t\t\t\t\t\t\t<\/div>\n\t\t\t\t\t<\/div>\n\t\t\t\t<\/div>\n\t\t\t\t<\/div>","protected":false},"excerpt":{"rendered":"<p>For the purposes of Article 10 of Law 34 \/2002 of July 11, 2002, of Information Society Services and Electronic Commerce, the user is informed that the owner of the web site is the BARCELONA MEDICAL AGENCY ASSOCIATION (hereinafter, BMA), with registered office in Barcelona (08021), c \/ Muntaner 231, 4-1A; provided with N.I.F. number. [&hellip;]<\/p>\n","protected":false},"author":1,"featured_media":0,"parent":0,"menu_order":0,"comment_status":"closed","ping_status":"closed","template":"elementor_header_footer","meta":{"footnotes":""},"class_list":["post-11952","page","type-page","status-publish","hentry"],"yoast_head":"<!-- This site is optimized with the Yoast SEO Premium plugin v26.8 (Yoast SEO v27.3) - https:\/\/yoast.com\/product\/yoast-seo-premium-wordpress\/ -->\n<title>Legal Notice - Barcelona International Hospitals<\/title>\n<meta name=\"robots\" content=\"index, follow, max-snippet:-1, max-image-preview:large, max-video-preview:-1\" \/>\n<link rel=\"canonical\" href=\"https:\/\/barcelonainternationalhospitals.com\/ca\/avis-legal\/\" \/>\n<meta property=\"og:locale\" content=\"ca_ES\" \/>\n<meta property=\"og:type\" content=\"article\" \/>\n<meta property=\"og:title\" content=\"Legal Notice\" \/>\n<meta property=\"og:description\" content=\"For the purposes of Article 10 of Law 34 \/2002 of July 11, 2002, of Information Society Services and Electronic Commerce, the user is informed that the owner of the web site is the BARCELONA MEDICAL AGENCY ASSOCIATION (hereinafter, BMA), with registered office in Barcelona (08021), c \/ Muntaner 231, 4-1A; provided with N.I.F. number. [&hellip;]\" \/>\n<meta property=\"og:url\" content=\"https:\/\/barcelonainternationalhospitals.com\/ca\/avis-legal\/\" \/>\n<meta property=\"og:site_name\" content=\"Barcelona International Hospitals\" \/>\n<meta property=\"article:modified_time\" content=\"2026-02-13T10:44:50+00:00\" \/>\n<meta name=\"twitter:card\" content=\"summary_large_image\" \/>\n<meta name=\"twitter:label1\" content=\"Temps estimat de lectura\" \/>\n\t<meta name=\"twitter:data1\" content=\"4 minuts\" \/>\n<script type=\"application\/ld+json\" class=\"yoast-schema-graph\">{\"@context\":\"https:\\\/\\\/schema.org\",\"@graph\":[{\"@type\":\"WebPage\",\"@id\":\"https:\\\/\\\/barcelonainternationalhospitals.com\\\/legal-notice\\\/\",\"url\":\"https:\\\/\\\/barcelonainternationalhospitals.com\\\/legal-notice\\\/\",\"name\":\"Legal Notice - Barcelona International Hospitals\",\"isPartOf\":{\"@id\":\"https:\\\/\\\/barcelonainternationalhospitals.com\\\/#website\"},\"datePublished\":\"2026-02-13T10:43:09+00:00\",\"dateModified\":\"2026-02-13T10:44:50+00:00\",\"breadcrumb\":{\"@id\":\"https:\\\/\\\/barcelonainternationalhospitals.com\\\/legal-notice\\\/#breadcrumb\"},\"inLanguage\":\"ca\",\"potentialAction\":[{\"@type\":\"ReadAction\",\"target\":[\"https:\\\/\\\/barcelonainternationalhospitals.com\\\/legal-notice\\\/\"]}]},{\"@type\":\"BreadcrumbList\",\"@id\":\"https:\\\/\\\/barcelonainternationalhospitals.com\\\/legal-notice\\\/#breadcrumb\",\"itemListElement\":[{\"@type\":\"ListItem\",\"position\":1,\"name\":\"Barcelona International Hospitals\",\"item\":\"https:\\\/\\\/barcelonainternationalhospitals.com\\\/\"},{\"@type\":\"ListItem\",\"position\":2,\"name\":\"Legal Notice\"}]},{\"@type\":\"WebSite\",\"@id\":\"https:\\\/\\\/barcelonainternationalhospitals.com\\\/#website\",\"url\":\"https:\\\/\\\/barcelonainternationalhospitals.com\\\/\",\"name\":\"Barcelona International Hospitals\",\"description\":\"Medical excellence in Barcelona\",\"publisher\":{\"@id\":\"https:\\\/\\\/barcelonainternationalhospitals.com\\\/#organization\"},\"potentialAction\":[{\"@type\":\"SearchAction\",\"target\":{\"@type\":\"EntryPoint\",\"urlTemplate\":\"https:\\\/\\\/barcelonainternationalhospitals.com\\\/?s={search_term_string}\"},\"query-input\":{\"@type\":\"PropertyValueSpecification\",\"valueRequired\":true,\"valueName\":\"search_term_string\"}}],\"inLanguage\":\"ca\"},{\"@type\":\"Organization\",\"@id\":\"https:\\\/\\\/barcelonainternationalhospitals.com\\\/#organization\",\"name\":\"Barcelona International Hospitals\",\"url\":\"https:\\\/\\\/barcelonainternationalhospitals.com\\\/\",\"logo\":{\"@type\":\"ImageObject\",\"inLanguage\":\"ca\",\"@id\":\"https:\\\/\\\/barcelonainternationalhospitals.com\\\/#\\\/schema\\\/logo\\\/image\\\/\",\"url\":\"https:\\\/\\\/barcelonainternationalhospitals.com\\\/wp-content\\\/uploads\\\/2021\\\/06\\\/cropped-bih-favicon-1.png\",\"contentUrl\":\"https:\\\/\\\/barcelonainternationalhospitals.com\\\/wp-content\\\/uploads\\\/2021\\\/06\\\/cropped-bih-favicon-1.png\",\"width\":512,\"height\":512,\"caption\":\"Barcelona International Hospitals\"},\"image\":{\"@id\":\"https:\\\/\\\/barcelonainternationalhospitals.com\\\/#\\\/schema\\\/logo\\\/image\\\/\"}}]}<\/script>\n<!-- \/ Yoast SEO Premium plugin. -->","yoast_head_json":{"title":"Av\u00eds legal - Hospitals Internacionals de Barcelona","robots":{"index":"index","follow":"follow","max-snippet":"max-snippet:-1","max-image-preview":"max-image-preview:large","max-video-preview":"max-video-preview:-1"},"canonical":"https:\/\/barcelonainternationalhospitals.com\/ca\/avis-legal\/","og_locale":"ca_ES","og_type":"article","og_title":"Legal Notice","og_description":"For the purposes of Article 10 of Law 34 \/2002 of July 11, 2002, of Information Society Services and Electronic Commerce, the user is informed that the owner of the web site is the BARCELONA MEDICAL AGENCY ASSOCIATION (hereinafter, BMA), with registered office in Barcelona (08021), c \/ Muntaner 231, 4-1A; provided with N.I.F. number. [&hellip;]","og_url":"https:\/\/barcelonainternationalhospitals.com\/ca\/avis-legal\/","og_site_name":"Barcelona International Hospitals","article_modified_time":"2026-02-13T10:44:50+00:00","twitter_card":"summary_large_image","twitter_misc":{"Temps estimat de lectura":"4 minuts"},"schema":{"@context":"https:\/\/schema.org","@graph":[{"@type":"WebPage","@id":"https:\/\/barcelonainternationalhospitals.com\/legal-notice\/","url":"https:\/\/barcelonainternationalhospitals.com\/legal-notice\/","name":"Av\u00eds legal - Hospitals Internacionals de Barcelona","isPartOf":{"@id":"https:\/\/barcelonainternationalhospitals.com\/#website"},"datePublished":"2026-02-13T10:43:09+00:00","dateModified":"2026-02-13T10:44:50+00:00","breadcrumb":{"@id":"https:\/\/barcelonainternationalhospitals.com\/legal-notice\/#breadcrumb"},"inLanguage":"ca","potentialAction":[{"@type":"ReadAction","target":["https:\/\/barcelonainternationalhospitals.com\/legal-notice\/"]}]},{"@type":"BreadcrumbList","@id":"https:\/\/barcelonainternationalhospitals.com\/legal-notice\/#breadcrumb","itemListElement":[{"@type":"ListItem","position":1,"name":"Barcelona International Hospitals","item":"https:\/\/barcelonainternationalhospitals.com\/"},{"@type":"ListItem","position":2,"name":"Legal Notice"}]},{"@type":"WebSite","@id":"https:\/\/barcelonainternationalhospitals.com\/#website","url":"https:\/\/barcelonainternationalhospitals.com\/","name":"Barcelona International Hospitals","description":"Excel\u00b7l\u00e8ncia m\u00e8dica a Barcelona","publisher":{"@id":"https:\/\/barcelonainternationalhospitals.com\/#organization"},"potentialAction":[{"@type":"SearchAction","target":{"@type":"EntryPoint","urlTemplate":"https:\/\/barcelonainternationalhospitals.com\/?s={search_term_string}"},"query-input":{"@type":"PropertyValueSpecification","valueRequired":true,"valueName":"search_term_string"}}],"inLanguage":"ca"},{"@type":"Organization","@id":"https:\/\/barcelonainternationalhospitals.com\/#organization","name":"Barcelona International Hospitals","url":"https:\/\/barcelonainternationalhospitals.com\/","logo":{"@type":"ImageObject","inLanguage":"ca","@id":"https:\/\/barcelonainternationalhospitals.com\/#\/schema\/logo\/image\/","url":"https:\/\/barcelonainternationalhospitals.com\/wp-content\/uploads\/2021\/06\/cropped-bih-favicon-1.png","contentUrl":"https:\/\/barcelonainternationalhospitals.com\/wp-content\/uploads\/2021\/06\/cropped-bih-favicon-1.png","width":512,"height":512,"caption":"Barcelona International Hospitals"},"image":{"@id":"https:\/\/barcelonainternationalhospitals.com\/#\/schema\/logo\/image\/"}}]}},"_links":{"self":[{"href":"https:\/\/barcelonainternationalhospitals.com\/ca\/wp-json\/wp\/v2\/pages\/11952","targetHints":{"allow":["GET"]}}],"collection":[{"href":"https:\/\/barcelonainternationalhospitals.com\/ca\/wp-json\/wp\/v2\/pages"}],"about":[{"href":"https:\/\/barcelonainternationalhospitals.com\/ca\/wp-json\/wp\/v2\/types\/page"}],"author":[{"embeddable":true,"href":"https:\/\/barcelonainternationalhospitals.com\/ca\/wp-json\/wp\/v2\/users\/1"}],"replies":[{"embeddable":true,"href":"https:\/\/barcelonainternationalhospitals.com\/ca\/wp-json\/wp\/v2\/comments?post=11952"}],"version-history":[{"count":7,"href":"https:\/\/barcelonainternationalhospitals.com\/ca\/wp-json\/wp\/v2\/pages\/11952\/revisions"}],"predecessor-version":[{"id":11959,"href":"https:\/\/barcelonainternationalhospitals.com\/ca\/wp-json\/wp\/v2\/pages\/11952\/revisions\/11959"}],"wp:attachment":[{"href":"https:\/\/barcelonainternationalhospitals.com\/ca\/wp-json\/wp\/v2\/media?parent=11952"}],"curies":[{"name":"wp","href":"https:\/\/api.w.org\/{rel}","templated":true}]}}